{"id":2593,"date":"2019-01-14T09:07:58","date_gmt":"2019-01-14T08:07:58","guid":{"rendered":"http:\/\/parisscarabee.nl\/wie-zijn-wij\/"},"modified":"2023-05-23T14:12:39","modified_gmt":"2023-05-23T12:12:39","slug":"about-us","status":"publish","type":"page","link":"https:\/\/www.parisscarabee.nl\/en\/about-us\/","title":{"rendered":"About us"},"content":{"rendered":"<p><section   class=\"fw-main-row-custom fw-main-row-top fw-section-no-padding  auto  fw-section-position-back tf-sh-ef7efe49f6f2646c05c4000af45d97b1 head-section\"    >\n\t\t\t<div class=\"fw-container-fluid\" >\n\t\t<div class=\"fw-row\">\n\t<div id=\"column-69f8dcb15f5d9\" class=\"fw-col-sm-8 tf-sh-4b6b937cf2ea5d5124be09ef6a16f68e flex-col fw-col-no-padding\" >\n\t<div class=\"fw-wrap-col-inner clearfix  \"   >\n\t\t\t\t<div class=\"fw-col-inner\">\n\t\t\t<div class=\"fw-heading fw-heading-left  tf-sh-97f82c6b3aeac91129fffb11b1defe50\" >\n\t\t\t<h1 class=\"fw-special-title\">About us<\/h1>\n\t\n\t\n\t<\/div><div class=\"fw-text-box tf-sh-d01c2d3de4d528a91e1ab08c8de76d78 \" >\n\t<div class=\"fw-text-inner\">\n\t\t<p>ParisScarabee Househunters is a small, committed and experienced team. Based on our own experiences in the Parisian housing market, we, Annemiek Wortel and Frank van Zelst, founded ParisScarabee Househunters. We are passionate about real estate. We go out of our way to help you find, renovate, rent out or sell your studio, apartment or house in Paris: as your first or second home, your \"pied-\u00e0-terre\", or as an investment. We personally execute every project from the beginning to the end. We never do more than two projects at the same time, so that all our attention is focused on your needs. We see it as a challenge to offer you a superior quality of service with every project we do. That\u2019s why you can reach us in- and outside office hours and 7 days a week. In addition to French and Dutch, we speak English, German, Spanish and Portuguese. We also have<strong><span style=\"color: #ffff00;\"><a style=\"color: #ffff00;\" href=\"\/en\/international-network\/\"> international representatives <\/a><\/span><\/strong>on several continents. ParisScarabee Househunters: we search, find and deliver! Read more about us below.<\/p>\n\t<\/div>\n<\/div>\t\t<\/div>\n\t<\/div>\n<\/div><div id=\"column-69f8dcb15f838\" class=\"fw-col-sm-4 fw-mobile-hide-element tf-sh-29be8bb51118d228eab6b7e890d42f46  fw-col-no-padding\" >\n\t<div class=\"fw-wrap-col-inner clearfix  \"   >\n\t\t\t\t<div class=\"fw-col-inner\">\n\t\t\t    <!-- Radius Image -->\n            <div class=\"fw-block-image-parent  \"              style=\"width: 100%; \">\n            <div class=\"fw-block-image-child fw-noratio fw-ratio-container\">\n                <noscript itemscope itemtype=\"https:\/\/schema.org\/ImageObject\" itemprop=\"image\"><img decoding=\"async\" src=\"https:\/\/www.parisscarabee.nl\/wp-content\/uploads\/2019\/04\/Annemiek-Wortel-en-Frank-van-Zelst.jpg\"  alt=\"Annemiek Wortel en Frank van Zelst\" data-maxdpr=\"1.7\" class=\"lazyload\" \/><meta itemprop=\"url\" content=\"https:\/\/www.parisscarabee.nl\/wp-content\/uploads\/2019\/04\/Annemiek-Wortel-en-Frank-van-Zelst.jpg\"><meta itemprop=\"width\" content=\"1801\"><meta itemprop=\"height\" content=\"2591\"><\/noscript><img decoding=\"async\" src=\"data:image\/gif;base64,R0lGODlhAQABAIAAAAAAAP\/\/\/yH5BAEAAAAALAAAAAABAAEAAAIBRAA7\" data-sizes=\"auto\" data-srcset=\"https:\/\/www.parisscarabee.nl\/wp-content\/uploads\/2019\/04\/Annemiek-Wortel-en-Frank-van-Zelst.jpg\"   alt=\"Annemiek Wortel en Frank van Zelst\" data-maxdpr=\"1.7\" class=\"lazyload\" \/><span class=\"fw-after-no-ratio\" style=\"padding-bottom: 143.86451971127%\"><\/span>                                            <\/div>\n        <\/div>\n    \t\t<\/div>\n\t<\/div>\n<\/div><\/div>\n\n\t<\/div>\n\t<\/section><section   class=\"fw-main-row-custom  auto  fw-section-position-back tf-sh-b9b31036e8e225daaa73f4466489a8a4\"    >\n\t\t\t<div class=\"fw-container\" >\n\t\t<div class=\"fw-row\">\n\t<div id=\"column-69f8dcb15ff7b\" class=\"fw-col-sm-12 tf-sh-0fedc881a5a07a3140e6a69dfc96067a\" >\n\t<div class=\"fw-wrap-col-inner clearfix  \"   >\n\t\t\t\t<div class=\"fw-col-inner\">\n\t\t\t<div class=\"fw-text-box tf-sh-267e180892a18cb6e020284fbd6b1d99 \" >\n\t<div class=\"fw-text-inner\">\n\t\t<h2>Our background and experience at your service<\/h2>\n<p>Annemiek Wortel obtained a Master\u2019s degree in Business Administration in both the Netherlands and France (Nyenrode and the \u00c9cole Sup\u00e9rieure de Commerce, Lyon Management School). With her many years of working experience as Pr\u00e9sident-G\u00e9n\u00e9ral of Reed Business Information in Paris, she is a seasoned expert when it comes to working with French people and living in Paris.<\/p>\n<p>Before July 2006 Frank van Zelst, who studied tax law at the University of Leiden, worked as a partner at PriceWaterhouseCoopers (PwC) in the real estate sector. At PwC, Frank led the worldwide global PwC real estate specialist network of accountants, tax specialists, lawyers and consultants. Frank also worked for PwC in Paris. Real estate and Paris have always remained his passion.<\/p>\n<h2>International network<\/h2>\n<p>ParisScarabee Househunters: with our international network we are ready for demanding international customers from all over the world. Thanks to our international representatives, you can work with us in your own country, language, region or time zone, in Dutch, German, English, French, Portuguese or Spanish. We have multilingual representatives in the United Kingdom (London); the US (Topeka, Kansas); Spain \/ Portugal (Madrid) or South and Central America (Madrid \/ Bogota, Mexico City); Asia and Oceania (Sydney). They have an in-depth knowledge of the way things work in Paris, and they can be closely involved in the execution of your project. ParisScarabee Househunters: at your service anywhere in the world! <a href=\"\/en\/international-network\/\">Meet our international representatives here.<\/a><\/p>\n<h2>Where does the name ParisScarabee Househunters come from?<\/h2>\n<p>One of our apartments in Paris is located in an Art Nouveau building of 1907. The building is exceptionally decorated with ceramic tiles designed by an artist named Alexandre Bigot. Typical for Art Nouveau is the use of motives based on nature, flowers, plants and animals living on those plants. So Bigot decorated the fa\u00e7ade of our building with hand painted ceramic tiles forming a lovely decor of leaves and flowers. He also put pineapples, dragonflies and snails in the scenes. And above the main entrance he put up a beautiful scarab: a beetle.<\/p>\n<p>In Egypt, the scarab is an important symbol representing the cycle of life. The French word for scarab, scarab\u00e9e, has two meanings however. It is also used to describe a jewel: a pear-shaped precious stone cut in facets. The name ParisScarabee Househunters was born: our mission is to help each of our clients to find a unique apartment in Paris, a jewel to live in!<\/p>\n<p>&nbsp;<\/p>\n\t<\/div>\n<\/div>\t\t<\/div>\n\t<\/div>\n<\/div><\/div>\n\n\t<\/div>\n\t<\/section><section   class=\"fw-main-row-custom fw-section-no-padding  fw_theme_bg_color_1 auto  fw-section-position-back tf-sh-238dfaf83b5d25626c945edaca68d149 img-content\"    >\n\t\t\t<div class=\"fw-container-fluid\" >\n\t\t<div class=\"fw-row\">\n\t<div id=\"column-69f8dcb1603e4\" class=\"fw-col-sm-12  fw-col-md-6 tf-sh-8e20da20ff832094a65b4a951b717cbd  fw-col-no-padding\" >\n\t<div class=\"fw-wrap-col-inner clearfix  \"   >\n\t\t\t\t<div class=\"fw-col-inner\">\n\t\t\t    <!-- Radius Image -->\n            <div class=\"fw-block-image-parent  \"              style=\"width: 100%; \">\n            <div class=\"fw-block-image-child fw-ratio-3-2 fw-ratio-container\">\n                <noscript itemscope itemtype=\"https:\/\/schema.org\/ImageObject\" itemprop=\"image\"><img decoding=\"async\" src=\"https:\/\/www.parisscarabee.nl\/wp-content\/uploads\/2019\/03\/DSC05983.jpg\"  alt=\"SONY DSC\" data-maxdpr=\"1.7\" class=\"lazyload\" \/><meta itemprop=\"url\" content=\"https:\/\/www.parisscarabee.nl\/wp-content\/uploads\/2019\/03\/DSC05983.jpg\"><meta itemprop=\"width\" content=\"762\"><meta itemprop=\"height\" content=\"507\"><\/noscript><img decoding=\"async\" src=\"data:image\/gif;base64,R0lGODlhAQABAIAAAAAAAP\/\/\/yH5BAEAAAAALAAAAAABAAEAAAIBRAA7\" data-sizes=\"auto\" data-srcset=\"https:\/\/www.parisscarabee.nl\/wp-content\/uploads\/2019\/03\/DSC05983-300x200.jpg 300w, https:\/\/www.parisscarabee.nl\/wp-content\/uploads\/2019\/03\/DSC05983-600x400.jpg 600w, https:\/\/www.parisscarabee.nl\/wp-content\/uploads\/2019\/03\/DSC05983.jpg 762w\"   alt=\"SONY DSC\" data-maxdpr=\"1.7\" class=\"lazyload\" \/>                                            <\/div>\n        <\/div>\n    \t\t<\/div>\n\t<\/div>\n<\/div><div id=\"column-69f8dcb160775\" class=\"fw-col-sm-12  fw-col-md-6 tf-sh-e89ed3abb525615cdd812724f522ab80  fw-col-no-padding\" >\n\t<div class=\"fw-wrap-col-inner clearfix  \"   >\n\t\t\t\t<div class=\"fw-col-inner\">\n\t\t\t<div class=\"fw-heading fw-heading-left  tf-sh-f06f5c0bb9be4e27ac94bd6d4c6d06e6\" >\n\t\t\t<h3 class=\"fw-special-title\">Contact<\/h3>\n\t\n\t\n\t<\/div><div class=\"fw-divider-space space-sm  clearfix\"  ><\/div><div class=\"fw-text-box tf-sh-9f8c102c72887ad33dfa9520cab4fa87 \" >\n\t<div class=\"fw-text-inner\">\n\t\t<p>Please contact us for more information. We are available by phone 7 days a week from 9 a.m. to 10 p.m. You can also send us an e-mail or WhatsApp message.<\/p>\n<p>&nbsp;<\/p>\n<p>Telephone and WhatsApp:<\/p>\n<p>In The Netherlands: + 31 6 11 24 35 12<\/p>\n<p>In France: + 33 6 47 41 83 52<\/p>\n<p>Email: <a href=\"mailto: info@parisscarabee.nl\">info@parisscarabee.nl<\/a><\/p>\n<p><a href=\"\/en\/international-network\/\">Other international representatives<\/a><\/p>\n<p>&nbsp;<\/p>\n\t<\/div>\n<\/div><div class=\"fw-divider-space space-sm  clearfix\"  ><\/div>\t<a href=\"\/en\/contact\/\" target=\"_self\" class=\"fw-btn tf-sh-8ef7d68c90c700cbe2b13339942916f7  fw-btn-md   fw-btn-side-by-side fw-btn-1\"  style=\"\">\n\t\t<span >\n\t\t\tGo to our contactform\t\t<\/span>\n\t<\/a>\n\t\t<\/div>\n\t<\/div>\n<\/div><\/div>\n\n\t<\/div>\n\t<\/section><\/p>\n","protected":false},"excerpt":{"rendered":"<p>About us ParisScarabee Househunters is a small, committed and experienced team. Based on our own experiences in the Parisian housing market, we, Annemiek Wortel and Frank van Zelst, founded ParisScarabee Househunters. We are passionate about real estate. We go out of our way to help you find, renovate, rent out or sell your studio, apartment [&hellip;]<\/p>\n","protected":false},"author":1,"featured_media":0,"parent":0,"menu_order":0,"comment_status":"closed","ping_status":"closed","template":"visual-builder-template.php","meta":{"footnotes":""},"class_list":["post-2593","page","type-page","status-publish","hentry"],"yoast_head":"<!-- This site is optimized with the Yoast SEO plugin v27.5 - https:\/\/yoast.com\/product\/yoast-seo-wordpress\/ -->\n<title>About us - Paris Scarabee Househunters<\/title>\n<meta name=\"description\" content=\"Paris Scarabee Househunters helps people to buy, renovate, rent out or sell their apartment in Paris. \u2713 Pro-active \u2713 Personally involved \u2713 Experienced\" \/>\n<meta name=\"robots\" content=\"index, follow, max-snippet:-1, max-image-preview:large, max-video-preview:-1\" \/>\n<link rel=\"canonical\" href=\"https:\/\/www.parisscarabee.nl\/en\/about-us\/\" \/>\n<meta property=\"og:locale\" content=\"en_US\" \/>\n<meta property=\"og:type\" content=\"article\" \/>\n<meta property=\"og:title\" content=\"About us - Paris Scarabee Househunters\" \/>\n<meta property=\"og:description\" content=\"Paris Scarabee Househunters helps people to buy, renovate, rent out or sell their apartment in Paris. \u2713 Pro-active \u2713 Personally involved \u2713 Experienced\" \/>\n<meta property=\"og:url\" content=\"https:\/\/www.parisscarabee.nl\/en\/about-us\/\" \/>\n<meta property=\"og:site_name\" content=\"Paris Scarabee Househunters\" \/>\n<meta property=\"article:modified_time\" content=\"2023-05-23T12:12:39+00:00\" \/>\n<meta property=\"og:image\" content=\"https:\/\/www.parisscarabee.nl\/wp-content\/uploads\/2019\/04\/Annemiek-Wortel-en-Frank-van-Zelst.jpg\" \/>\n<meta name=\"twitter:card\" content=\"summary_large_image\" \/>\n<meta name=\"twitter:label1\" content=\"Est. reading time\" \/>\n\t<meta name=\"twitter:data1\" content=\"5 minutes\" \/>\n<script type=\"application\/ld+json\" class=\"yoast-schema-graph\">{\"@context\":\"https:\\\/\\\/schema.org\",\"@graph\":[{\"@type\":\"WebPage\",\"@id\":\"https:\\\/\\\/www.parisscarabee.nl\\\/en\\\/about-us\\\/\",\"url\":\"https:\\\/\\\/www.parisscarabee.nl\\\/en\\\/about-us\\\/\",\"name\":\"About us - Paris Scarabee Househunters\",\"isPartOf\":{\"@id\":\"https:\\\/\\\/www.parisscarabee.nl\\\/#website\"},\"primaryImageOfPage\":{\"@id\":\"https:\\\/\\\/www.parisscarabee.nl\\\/en\\\/about-us\\\/#primaryimage\"},\"image\":{\"@id\":\"https:\\\/\\\/www.parisscarabee.nl\\\/en\\\/about-us\\\/#primaryimage\"},\"thumbnailUrl\":\"https:\\\/\\\/www.parisscarabee.nl\\\/wp-content\\\/uploads\\\/2019\\\/04\\\/Annemiek-Wortel-en-Frank-van-Zelst.jpg\",\"datePublished\":\"2019-01-14T08:07:58+00:00\",\"dateModified\":\"2023-05-23T12:12:39+00:00\",\"description\":\"Paris Scarabee Househunters helps people to buy, renovate, rent out or sell their apartment in Paris. \u2713 Pro-active \u2713 Personally involved \u2713 Experienced\",\"breadcrumb\":{\"@id\":\"https:\\\/\\\/www.parisscarabee.nl\\\/en\\\/about-us\\\/#breadcrumb\"},\"inLanguage\":\"en-US\",\"potentialAction\":[{\"@type\":\"ReadAction\",\"target\":[\"https:\\\/\\\/www.parisscarabee.nl\\\/en\\\/about-us\\\/\"]}]},{\"@type\":\"ImageObject\",\"inLanguage\":\"en-US\",\"@id\":\"https:\\\/\\\/www.parisscarabee.nl\\\/en\\\/about-us\\\/#primaryimage\",\"url\":\"https:\\\/\\\/www.parisscarabee.nl\\\/wp-content\\\/uploads\\\/2019\\\/04\\\/Annemiek-Wortel-en-Frank-van-Zelst.jpg\",\"contentUrl\":\"https:\\\/\\\/www.parisscarabee.nl\\\/wp-content\\\/uploads\\\/2019\\\/04\\\/Annemiek-Wortel-en-Frank-van-Zelst.jpg\"},{\"@type\":\"BreadcrumbList\",\"@id\":\"https:\\\/\\\/www.parisscarabee.nl\\\/en\\\/about-us\\\/#breadcrumb\",\"itemListElement\":[{\"@type\":\"ListItem\",\"position\":1,\"name\":\"Home\",\"item\":\"https:\\\/\\\/www.parisscarabee.nl\\\/en\\\/\"},{\"@type\":\"ListItem\",\"position\":2,\"name\":\"About us\"}]},{\"@type\":\"WebSite\",\"@id\":\"https:\\\/\\\/www.parisscarabee.nl\\\/#website\",\"url\":\"https:\\\/\\\/www.parisscarabee.nl\\\/\",\"name\":\"Paris Scarabee Househunters\",\"description\":\"Find or renovate your dream apartment in Paris\",\"potentialAction\":[{\"@type\":\"SearchAction\",\"target\":{\"@type\":\"EntryPoint\",\"urlTemplate\":\"https:\\\/\\\/www.parisscarabee.nl\\\/?s={search_term_string}\"},\"query-input\":{\"@type\":\"PropertyValueSpecification\",\"valueRequired\":true,\"valueName\":\"search_term_string\"}}],\"inLanguage\":\"en-US\"}]}<\/script>\n<!-- \/ Yoast SEO plugin. -->","yoast_head_json":{"title":"About us - Paris Scarabee Househunters","description":"Paris Scarabee Househunters helps people to buy, renovate, rent out or sell their apartment in Paris. \u2713 Pro-active \u2713 Personally involved \u2713 Experienced","robots":{"index":"index","follow":"follow","max-snippet":"max-snippet:-1","max-image-preview":"max-image-preview:large","max-video-preview":"max-video-preview:-1"},"canonical":"https:\/\/www.parisscarabee.nl\/en\/about-us\/","og_locale":"en_US","og_type":"article","og_title":"About us - Paris Scarabee Househunters","og_description":"Paris Scarabee Househunters helps people to buy, renovate, rent out or sell their apartment in Paris. \u2713 Pro-active \u2713 Personally involved \u2713 Experienced","og_url":"https:\/\/www.parisscarabee.nl\/en\/about-us\/","og_site_name":"Paris Scarabee Househunters","article_modified_time":"2023-05-23T12:12:39+00:00","og_image":[{"url":"https:\/\/www.parisscarabee.nl\/wp-content\/uploads\/2019\/04\/Annemiek-Wortel-en-Frank-van-Zelst.jpg","type":"","width":"","height":""}],"twitter_card":"summary_large_image","twitter_misc":{"Est. reading time":"5 minutes"},"schema":{"@context":"https:\/\/schema.org","@graph":[{"@type":"WebPage","@id":"https:\/\/www.parisscarabee.nl\/en\/about-us\/","url":"https:\/\/www.parisscarabee.nl\/en\/about-us\/","name":"About us - Paris Scarabee Househunters","isPartOf":{"@id":"https:\/\/www.parisscarabee.nl\/#website"},"primaryImageOfPage":{"@id":"https:\/\/www.parisscarabee.nl\/en\/about-us\/#primaryimage"},"image":{"@id":"https:\/\/www.parisscarabee.nl\/en\/about-us\/#primaryimage"},"thumbnailUrl":"https:\/\/www.parisscarabee.nl\/wp-content\/uploads\/2019\/04\/Annemiek-Wortel-en-Frank-van-Zelst.jpg","datePublished":"2019-01-14T08:07:58+00:00","dateModified":"2023-05-23T12:12:39+00:00","description":"Paris Scarabee Househunters helps people to buy, renovate, rent out or sell their apartment in Paris. \u2713 Pro-active \u2713 Personally involved \u2713 Experienced","breadcrumb":{"@id":"https:\/\/www.parisscarabee.nl\/en\/about-us\/#breadcrumb"},"inLanguage":"en-US","potentialAction":[{"@type":"ReadAction","target":["https:\/\/www.parisscarabee.nl\/en\/about-us\/"]}]},{"@type":"ImageObject","inLanguage":"en-US","@id":"https:\/\/www.parisscarabee.nl\/en\/about-us\/#primaryimage","url":"https:\/\/www.parisscarabee.nl\/wp-content\/uploads\/2019\/04\/Annemiek-Wortel-en-Frank-van-Zelst.jpg","contentUrl":"https:\/\/www.parisscarabee.nl\/wp-content\/uploads\/2019\/04\/Annemiek-Wortel-en-Frank-van-Zelst.jpg"},{"@type":"BreadcrumbList","@id":"https:\/\/www.parisscarabee.nl\/en\/about-us\/#breadcrumb","itemListElement":[{"@type":"ListItem","position":1,"name":"Home","item":"https:\/\/www.parisscarabee.nl\/en\/"},{"@type":"ListItem","position":2,"name":"About us"}]},{"@type":"WebSite","@id":"https:\/\/www.parisscarabee.nl\/#website","url":"https:\/\/www.parisscarabee.nl\/","name":"Paris Scarabee Househunters","description":"Find or renovate your dream apartment in Paris","potentialAction":[{"@type":"SearchAction","target":{"@type":"EntryPoint","urlTemplate":"https:\/\/www.parisscarabee.nl\/?s={search_term_string}"},"query-input":{"@type":"PropertyValueSpecification","valueRequired":true,"valueName":"search_term_string"}}],"inLanguage":"en-US"}]}},"_links":{"self":[{"href":"https:\/\/www.parisscarabee.nl\/en\/wp-json\/wp\/v2\/pages\/2593","targetHints":{"allow":["GET"]}}],"collection":[{"href":"https:\/\/www.parisscarabee.nl\/en\/wp-json\/wp\/v2\/pages"}],"about":[{"href":"https:\/\/www.parisscarabee.nl\/en\/wp-json\/wp\/v2\/types\/page"}],"author":[{"embeddable":true,"href":"https:\/\/www.parisscarabee.nl\/en\/wp-json\/wp\/v2\/users\/1"}],"replies":[{"embeddable":true,"href":"https:\/\/www.parisscarabee.nl\/en\/wp-json\/wp\/v2\/comments?post=2593"}],"version-history":[{"count":0,"href":"https:\/\/www.parisscarabee.nl\/en\/wp-json\/wp\/v2\/pages\/2593\/revisions"}],"wp:attachment":[{"href":"https:\/\/www.parisscarabee.nl\/en\/wp-json\/wp\/v2\/media?parent=2593"}],"curies":[{"name":"wp","href":"https:\/\/api.w.org\/{rel}","templated":true}]}}