{"id":2588,"date":"2019-01-14T09:10:33","date_gmt":"2019-01-14T08:10:33","guid":{"rendered":"http:\/\/parisscarabee.nl\/de-parijse-woningmarkt\/"},"modified":"2025-10-28T13:21:58","modified_gmt":"2025-10-28T12:21:58","slug":"the-housing-market-in-paris","status":"publish","type":"page","link":"https:\/\/www.parisscarabee.nl\/en\/living-in-paris\/the-housing-market-in-paris\/","title":{"rendered":"The housing market in Paris"},"content":{"rendered":"<p><section   class=\"fw-main-row-custom fw-main-row-top  auto  fw-section-position-back tf-sh-b9b31036e8e225daaa73f4466489a8a4\"    >\n\t\t\t<div class=\"fw-container\" >\n\t\t<div class=\"fw-row\">\n\t<div id=\"column-69f8e045a53be\" class=\"fw-col-sm-12 tf-sh-0fedc881a5a07a3140e6a69dfc96067a\" >\n\t<div class=\"fw-wrap-col-inner clearfix  \"   >\n\t\t\t\t<div class=\"fw-col-inner\">\n\t\t\t<div class=\"fw-text-box tf-sh-267e180892a18cb6e020284fbd6b1d99 \" >\n\t<div class=\"fw-text-inner\">\n\t\t<h2>Feel the local vibes in each part of town<\/h2>\n<p><span style=\"color: #000000;\">The oldest parts of the city are the 1st to 4th district on the right bank of the Seine. There is the intimate \"Marais\". The 5<sup>th<\/sup>, on the left bank or the Seine river, the mythic \u201crive gauche\u201d, is the domain of the Sorbonne and Pantheon students. The 6th stands for Saint-Germain-des-Pr\u00e9s and le Jardin du Luxembourg. In the 7th you will find many stately embassies, the Eiffel tower and Mus\u00e9e Rodin. The 8th houses the government buildings and the Champs-Elys\u00e9es. In the 9th there is a romantic literary atmosphere. The 10th is a mixed neighborhood with large train stations such as Gare du Nord. In the 11th you will find the bohemian atmosphere of the Bastille. The 12th and 13th have some surprising architecture projects and a lot of space around the Seine. The 14th and 15th on the left bank are authentic neighborhoods with numerous small shops and Gare Montparnasse. The 16th with Trocad\u00e9ro and Auteuil is sought after by foreigners and expats. The 17th is dynamic and changing, with gigantic new constructions and building pits alike, including the Olympic Games of 2024. The 18th houses the two faces of Montmartre: the tourist and the tranquil. The 19th has the charm of the Canal Saint Martin. And the 20th is famous for the P\u00e8re Lachaise cemetery. In short, each arrondissement in Paris has its own charms.<\/span><\/p>\n<h2>More demand than supply<\/h2>\n<p><span style=\"color: #000000;\">In the past 10 years, property prices in Paris and the direct suburbs have risen sharply. The demand for housing is high, while the supply is limited, and often of poor quality. A good-quality apartment that is reasonably priced is sold very quickly. This sometimes happens literally within a few hours. In such a case, you will have very little time to make an offer. If you don\u2019t act, somebody else will take your place.<\/span><\/p>\n<h2>Rising prices<\/h2>\n<p><span style=\"color: #000000;\">Property prices in Paris have slightly\u00a0 increased over the last year by +0,3% and + 0,2% in the last three months up to August 2025. As per the end of August 2025, a m2 living space was 9.520 Euros per m2. Since 2020 the price of living space in Paris has decreased by 10,9% per m2.\u00a0<\/span><\/p>\n<p><span style=\"color: #000000;\">The expectation is that in 2025 the price level will slightly increase due to the stabile mortgage interest rates, positive side effects from the Paris Olympic games 2024, a strong demand for apartments, the increased on-line possibilities to live in Paris and work all over the world, and the limited amount of properties that come to the market, despite the difficult French economy and the internal political situation and the international situation. Apartments with an outdoor area, a terrace or balcony, may be preferred by buyers.\u00a0 With a rate of around 3,2% (fixed for 15 years), the mortgage interest rates are currently historically low. For the provision of a mortgage loan, French banks generally require that you bring in your own cash for some 25% of the total purchase price.<\/span><\/p>\n<p><span style=\"color: #000000;\">So the average price you pay for an apartment in Paris is currently around 9.520 Euros per m2. This average hides a large variation. In some spots in the 18th arrondissements, you might find something for 6.790 Euro per m2, but you will have to lay out between 12.500 and 25.000 Euro per m2 in the more desirable arrondissements (1st, 2nd, 3rd, 4th, 5th, 6th) , 7th, 8th, 9th, 10th, 11th, 16th, 17th).<\/span><\/p>\n<h2>Something for every taste<\/h2>\n<p><span style=\"color: #000000;\">Foreign buyers often fall for apartments in beautiful, stately and older buildings, which they associate with Paris. These are architectural styles such as 'Hausmannien', Art Nouveau, Art Deco, Pierre de Paris or Pierre de Taille. Modern and recent buildings are less popular. The locals also appreciate these classic styles and that is why apartments in such beautiful buildings are usually more expensive. However, the facilities in modern buildings are often better: the building is usually equipped with a lift, a bicycle room and often a garage (the latter at an additional cost).<\/span><\/p>\n<h2>From (very) small to (very) large<\/h2>\n<p><span style=\"color: #000000;\">Apartments in Paris are available in all sizes. It starts with an area of  10 to 15 m2 for a small studio or 'chambre de bonne', to 350 m2 for more prestigious family apartments. A one-bedroom apartment is usually at least 35 - 45 m2 in size, and you will find 2 bedrooms on areas of at least 55-65 m2.<\/span><\/p>\n\t<\/div>\n<\/div>\t\t<\/div>\n\t<\/div>\n<\/div><\/div>\n\n\t<\/div>\n\t<\/section><section   class=\"fw-main-row-custom fw-section-no-padding  auto  fw-section-position-back tf-sh-ef7efe49f6f2646c05c4000af45d97b1 head-section\"    >\n\t\t\t<div class=\"fw-container-fluid\" >\n\t\t\t<\/div>\n\t<\/section><section   class=\"fw-main-row-custom fw-section-no-padding  fw_theme_bg_color_1 auto  fw-section-position-back tf-sh-238dfaf83b5d25626c945edaca68d149 img-content\"    >\n\t\t\t<div class=\"fw-container-fluid\" >\n\t\t<div class=\"fw-row\">\n\t<div id=\"column-69f8e045a5970\" class=\"fw-col-sm-12  fw-col-md-6 tf-sh-8e20da20ff832094a65b4a951b717cbd  fw-col-no-padding\" >\n\t<div class=\"fw-wrap-col-inner clearfix  \"   >\n\t\t\t\t<div class=\"fw-col-inner\">\n\t\t\t    <!-- Radius Image -->\n            <div class=\"fw-block-image-parent  \"              style=\"width: 100%; \">\n            <div class=\"fw-block-image-child fw-ratio-4-3 fw-ratio-container\">\n                <noscript itemscope itemtype=\"https:\/\/schema.org\/ImageObject\" itemprop=\"image\"><img decoding=\"async\" src=\"https:\/\/www.parisscarabee.nl\/wp-content\/uploads\/2019\/03\/parisscarabee-annemiek-and-frank-visiting-a-potential-flat-e1552089177301-768x577-2.jpg\"  alt=\"parisscarabee-annemiek-and-frank-visiting-a-potential-flat-e1552089177301-768&#215;577\" data-maxdpr=\"1.7\" class=\"lazyload\" \/><meta itemprop=\"url\" content=\"https:\/\/www.parisscarabee.nl\/wp-content\/uploads\/2019\/03\/parisscarabee-annemiek-and-frank-visiting-a-potential-flat-e1552089177301-768x577-2.jpg\"><meta itemprop=\"width\" content=\"768\"><meta itemprop=\"height\" content=\"577\"><\/noscript><img decoding=\"async\" src=\"data:image\/gif;base64,R0lGODlhAQABAIAAAAAAAP\/\/\/yH5BAEAAAAALAAAAAABAAEAAAIBRAA7\" data-sizes=\"auto\" data-srcset=\"https:\/\/www.parisscarabee.nl\/wp-content\/uploads\/2019\/03\/parisscarabee-annemiek-and-frank-visiting-a-potential-flat-e1552089177301-768x577-2-300x225.jpg 300w, https:\/\/www.parisscarabee.nl\/wp-content\/uploads\/2019\/03\/parisscarabee-annemiek-and-frank-visiting-a-potential-flat-e1552089177301-768x577-2-768x577.jpg 768w, https:\/\/www.parisscarabee.nl\/wp-content\/uploads\/2019\/03\/parisscarabee-annemiek-and-frank-visiting-a-potential-flat-e1552089177301-768x577-2-393x295.jpg 393w, https:\/\/www.parisscarabee.nl\/wp-content\/uploads\/2019\/03\/parisscarabee-annemiek-and-frank-visiting-a-potential-flat-e1552089177301-768x577-2.jpg 768w\"   alt=\"parisscarabee-annemiek-and-frank-visiting-a-potential-flat-e1552089177301-768&#215;577\" data-maxdpr=\"1.7\" class=\"lazyload\" \/>                                            <\/div>\n        <\/div>\n    \t\t<\/div>\n\t<\/div>\n<\/div><div id=\"column-69f8e045a5e68\" class=\"fw-col-sm-12  fw-col-md-6 tf-sh-e89ed3abb525615cdd812724f522ab80  fw-col-no-padding\" >\n\t<div class=\"fw-wrap-col-inner clearfix  \"   >\n\t\t\t\t<div class=\"fw-col-inner\">\n\t\t\t<div class=\"fw-heading fw-heading-left  tf-sh-f06f5c0bb9be4e27ac94bd6d4c6d06e6\" >\n\t\t\t<h3 class=\"fw-special-title\">Contact<\/h3>\n\t\n\t\n\t<\/div><div class=\"fw-divider-space space-sm  clearfix\"  ><\/div><div class=\"fw-text-box tf-sh-9f8c102c72887ad33dfa9520cab4fa87 \" >\n\t<div class=\"fw-text-inner\">\n\t\t<p>Please contact us for more information. We are available by phone 7 days a week from 9 a.m. to 10 p.m. You can also send us an e-mail or WhatsApp message.<\/p>\n<p>Telephone and WhatsApp:<\/p>\n<p>In The Netherlands: + 31 6 11 24 35 12<\/p>\n<p>In France: + 33 6 47 41 83 52<\/p>\n<p>Email: <a href=\"mailto: info@parisscarabee.nl\">info@parisscarabee.nl<\/a><\/p>\n<p><a href=\"\/en\/international-network\/\">Other international representatives<\/a><\/p>\n<p>&nbsp;<\/p>\n\t<\/div>\n<\/div><div class=\"fw-divider-space space-sm  clearfix\"  ><\/div>\t<a href=\"\/en\/contact\/\" target=\"_self\" class=\"fw-btn tf-sh-8ef7d68c90c700cbe2b13339942916f7  fw-btn-md   fw-btn-side-by-side fw-btn-1\"  style=\"\">\n\t\t<span >\n\t\t\tGo to our contactform\t\t<\/span>\n\t<\/a>\n\t\t<\/div>\n\t<\/div>\n<\/div><\/div>\n\n\t<\/div>\n\t<\/section><section   class=\"fw-main-row  auto  fw-section-position-back\"    >\n\t\t\t<div class=\"fw-container\" >\n\t\t<div class=\"fw-row\">\n\t<div id=\"column-69f8e045a6461\" class=\"fw-col-sm-8 tf-sh-4b6b937cf2ea5d5124be09ef6a16f68e flex-col fw-col-no-padding\" >\n\t<div class=\"fw-wrap-col-inner clearfix  \"   >\n\t\t\t\t<div class=\"fw-col-inner\">\n\t\t\t<div class=\"fw-heading fw-heading-left  tf-sh-97f82c6b3aeac91129fffb11b1defe50\" >\n\t\t\t<h1 class=\"fw-special-title\">A housing market with multiple faces<\/h1>\n\t\n\t\n\t<\/div><div class=\"fw-text-box tf-sh-d01c2d3de4d528a91e1ab08c8de76d78 \" >\n\t<div class=\"fw-text-inner\">\n\t\t<p>Paris consists of 20 districts or 'arrondissements', each with their own town hall or 'mairie'. These arrondissements are twisted around each other like a snail's house, starting from the square of the town hall, L\u2019H\u00f4tel de Ville.<\/p>\n\t<\/div>\n<\/div>\t\t<\/div>\n\t<\/div>\n<\/div><div id=\"column-69f8e045a6643\" class=\"fw-col-sm-4 fw-mobile-hide-element tf-sh-29be8bb51118d228eab6b7e890d42f46  fw-col-no-padding\" >\n\t<div class=\"fw-wrap-col-inner clearfix  \"   >\n\t\t\t\t<div class=\"fw-col-inner\">\n\t\t\t    <!-- Radius Image -->\n            <div class=\"fw-block-image-parent  \"              style=\"width: 100%; \">\n            <div class=\"fw-block-image-child fw-noratio fw-ratio-container\">\n                <noscript itemscope itemtype=\"https:\/\/schema.org\/ImageObject\" itemprop=\"image\"><img decoding=\"async\" src=\"https:\/\/www.parisscarabee.nl\/wp-content\/uploads\/2019\/03\/parijs-arrondissementen.png\"  alt=\"parijs arrondissementen\" data-maxdpr=\"1.7\" class=\"lazyload\" \/><meta itemprop=\"url\" content=\"https:\/\/www.parisscarabee.nl\/wp-content\/uploads\/2019\/03\/parijs-arrondissementen.png\"><meta itemprop=\"width\" content=\"320\"><meta itemprop=\"height\" content=\"231\"><\/noscript><img decoding=\"async\" src=\"data:image\/gif;base64,R0lGODlhAQABAIAAAAAAAP\/\/\/yH5BAEAAAAALAAAAAABAAEAAAIBRAA7\" data-sizes=\"auto\" data-srcset=\"https:\/\/www.parisscarabee.nl\/wp-content\/uploads\/2019\/03\/parijs-arrondissementen.png\"   alt=\"parijs arrondissementen\" data-maxdpr=\"1.7\" class=\"lazyload\" \/><span class=\"fw-after-no-ratio\" style=\"padding-bottom: 72.1875%\"><\/span>                                            <\/div>\n        <\/div>\n    \t\t<\/div>\n\t<\/div>\n<\/div><\/div>\n\n\t<\/div>\n\t<\/section><\/p>\n","protected":false},"excerpt":{"rendered":"<p>Feel the local vibes in each part of town The oldest parts of the city are the 1st to 4th district on the right bank of the Seine. There is the intimate &#8220;Marais&#8221;. The 5th, on the left bank or the Seine river, the mythic \u201crive gauche\u201d, is the domain of the Sorbonne and Pantheon [&hellip;]<\/p>\n","protected":false},"author":1,"featured_media":0,"parent":2590,"menu_order":0,"comment_status":"closed","ping_status":"closed","template":"visual-builder-template.php","meta":{"footnotes":""},"class_list":["post-2588","page","type-page","status-publish","hentry"],"yoast_head":"<!-- This site is optimized with the Yoast SEO plugin v27.5 - https:\/\/yoast.com\/product\/yoast-seo-wordpress\/ -->\n<title>De Paris real estate market | Paris Scarabee Househunters<\/title>\n<meta name=\"description\" content=\"Paris Scarabee Househunters has in-depth experience in the Paris housing market. We help you find and acquire a flat in one of the 20 arrondissements.\" \/>\n<meta name=\"robots\" content=\"index, follow, max-snippet:-1, max-image-preview:large, max-video-preview:-1\" \/>\n<link rel=\"canonical\" href=\"https:\/\/www.parisscarabee.nl\/en\/living-in-paris\/the-housing-market-in-paris\/\" \/>\n<meta property=\"og:locale\" content=\"en_US\" \/>\n<meta property=\"og:type\" content=\"article\" \/>\n<meta property=\"og:title\" content=\"De Paris real estate market | Paris Scarabee Househunters\" \/>\n<meta property=\"og:description\" content=\"Paris Scarabee Househunters has in-depth experience in the Paris housing market. We help you find and acquire a flat in one of the 20 arrondissements.\" \/>\n<meta property=\"og:url\" content=\"https:\/\/www.parisscarabee.nl\/en\/living-in-paris\/the-housing-market-in-paris\/\" \/>\n<meta property=\"og:site_name\" content=\"Paris Scarabee Househunters\" \/>\n<meta property=\"article:modified_time\" content=\"2025-10-28T12:21:58+00:00\" \/>\n<meta property=\"og:image\" content=\"https:\/\/www.parisscarabee.nl\/wp-content\/uploads\/2019\/03\/parisscarabee-annemiek-and-frank-visiting-a-potential-flat-e1552089177301-768x577-2.jpg\" \/>\n<meta name=\"twitter:card\" content=\"summary_large_image\" \/>\n<meta name=\"twitter:label1\" content=\"Est. reading time\" \/>\n\t<meta name=\"twitter:data1\" content=\"6 minutes\" \/>\n<script type=\"application\/ld+json\" class=\"yoast-schema-graph\">{\"@context\":\"https:\\\/\\\/schema.org\",\"@graph\":[{\"@type\":\"WebPage\",\"@id\":\"https:\\\/\\\/www.parisscarabee.nl\\\/en\\\/living-in-paris\\\/the-housing-market-in-paris\\\/\",\"url\":\"https:\\\/\\\/www.parisscarabee.nl\\\/en\\\/living-in-paris\\\/the-housing-market-in-paris\\\/\",\"name\":\"De Paris real estate market | Paris Scarabee Househunters\",\"isPartOf\":{\"@id\":\"https:\\\/\\\/www.parisscarabee.nl\\\/#website\"},\"primaryImageOfPage\":{\"@id\":\"https:\\\/\\\/www.parisscarabee.nl\\\/en\\\/living-in-paris\\\/the-housing-market-in-paris\\\/#primaryimage\"},\"image\":{\"@id\":\"https:\\\/\\\/www.parisscarabee.nl\\\/en\\\/living-in-paris\\\/the-housing-market-in-paris\\\/#primaryimage\"},\"thumbnailUrl\":\"https:\\\/\\\/www.parisscarabee.nl\\\/wp-content\\\/uploads\\\/2019\\\/03\\\/parisscarabee-annemiek-and-frank-visiting-a-potential-flat-e1552089177301-768x577-2.jpg\",\"datePublished\":\"2019-01-14T08:10:33+00:00\",\"dateModified\":\"2025-10-28T12:21:58+00:00\",\"description\":\"Paris Scarabee Househunters has in-depth experience in the Paris housing market. We help you find and acquire a flat in one of the 20 arrondissements.\",\"breadcrumb\":{\"@id\":\"https:\\\/\\\/www.parisscarabee.nl\\\/en\\\/living-in-paris\\\/the-housing-market-in-paris\\\/#breadcrumb\"},\"inLanguage\":\"en-US\",\"potentialAction\":[{\"@type\":\"ReadAction\",\"target\":[\"https:\\\/\\\/www.parisscarabee.nl\\\/en\\\/living-in-paris\\\/the-housing-market-in-paris\\\/\"]}]},{\"@type\":\"ImageObject\",\"inLanguage\":\"en-US\",\"@id\":\"https:\\\/\\\/www.parisscarabee.nl\\\/en\\\/living-in-paris\\\/the-housing-market-in-paris\\\/#primaryimage\",\"url\":\"https:\\\/\\\/www.parisscarabee.nl\\\/wp-content\\\/uploads\\\/2019\\\/03\\\/parisscarabee-annemiek-and-frank-visiting-a-potential-flat-e1552089177301-768x577-2.jpg\",\"contentUrl\":\"https:\\\/\\\/www.parisscarabee.nl\\\/wp-content\\\/uploads\\\/2019\\\/03\\\/parisscarabee-annemiek-and-frank-visiting-a-potential-flat-e1552089177301-768x577-2.jpg\"},{\"@type\":\"BreadcrumbList\",\"@id\":\"https:\\\/\\\/www.parisscarabee.nl\\\/en\\\/living-in-paris\\\/the-housing-market-in-paris\\\/#breadcrumb\",\"itemListElement\":[{\"@type\":\"ListItem\",\"position\":1,\"name\":\"Home\",\"item\":\"https:\\\/\\\/www.parisscarabee.nl\\\/en\\\/\"},{\"@type\":\"ListItem\",\"position\":2,\"name\":\"Living in Paris\",\"item\":\"https:\\\/\\\/www.parisscarabee.nl\\\/en\\\/living-in-paris\\\/\"},{\"@type\":\"ListItem\",\"position\":3,\"name\":\"The housing market in Paris\"}]},{\"@type\":\"WebSite\",\"@id\":\"https:\\\/\\\/www.parisscarabee.nl\\\/#website\",\"url\":\"https:\\\/\\\/www.parisscarabee.nl\\\/\",\"name\":\"Paris Scarabee Househunters\",\"description\":\"Find or renovate your dream apartment in Paris\",\"potentialAction\":[{\"@type\":\"SearchAction\",\"target\":{\"@type\":\"EntryPoint\",\"urlTemplate\":\"https:\\\/\\\/www.parisscarabee.nl\\\/?s={search_term_string}\"},\"query-input\":{\"@type\":\"PropertyValueSpecification\",\"valueRequired\":true,\"valueName\":\"search_term_string\"}}],\"inLanguage\":\"en-US\"}]}<\/script>\n<!-- \/ Yoast SEO plugin. -->","yoast_head_json":{"title":"De Paris real estate market | Paris Scarabee Househunters","description":"Paris Scarabee Househunters has in-depth experience in the Paris housing market. We help you find and acquire a flat in one of the 20 arrondissements.","robots":{"index":"index","follow":"follow","max-snippet":"max-snippet:-1","max-image-preview":"max-image-preview:large","max-video-preview":"max-video-preview:-1"},"canonical":"https:\/\/www.parisscarabee.nl\/en\/living-in-paris\/the-housing-market-in-paris\/","og_locale":"en_US","og_type":"article","og_title":"De Paris real estate market | Paris Scarabee Househunters","og_description":"Paris Scarabee Househunters has in-depth experience in the Paris housing market. We help you find and acquire a flat in one of the 20 arrondissements.","og_url":"https:\/\/www.parisscarabee.nl\/en\/living-in-paris\/the-housing-market-in-paris\/","og_site_name":"Paris Scarabee Househunters","article_modified_time":"2025-10-28T12:21:58+00:00","og_image":[{"url":"https:\/\/www.parisscarabee.nl\/wp-content\/uploads\/2019\/03\/parisscarabee-annemiek-and-frank-visiting-a-potential-flat-e1552089177301-768x577-2.jpg","type":"","width":"","height":""}],"twitter_card":"summary_large_image","twitter_misc":{"Est. reading time":"6 minutes"},"schema":{"@context":"https:\/\/schema.org","@graph":[{"@type":"WebPage","@id":"https:\/\/www.parisscarabee.nl\/en\/living-in-paris\/the-housing-market-in-paris\/","url":"https:\/\/www.parisscarabee.nl\/en\/living-in-paris\/the-housing-market-in-paris\/","name":"De Paris real estate market | Paris Scarabee Househunters","isPartOf":{"@id":"https:\/\/www.parisscarabee.nl\/#website"},"primaryImageOfPage":{"@id":"https:\/\/www.parisscarabee.nl\/en\/living-in-paris\/the-housing-market-in-paris\/#primaryimage"},"image":{"@id":"https:\/\/www.parisscarabee.nl\/en\/living-in-paris\/the-housing-market-in-paris\/#primaryimage"},"thumbnailUrl":"https:\/\/www.parisscarabee.nl\/wp-content\/uploads\/2019\/03\/parisscarabee-annemiek-and-frank-visiting-a-potential-flat-e1552089177301-768x577-2.jpg","datePublished":"2019-01-14T08:10:33+00:00","dateModified":"2025-10-28T12:21:58+00:00","description":"Paris Scarabee Househunters has in-depth experience in the Paris housing market. We help you find and acquire a flat in one of the 20 arrondissements.","breadcrumb":{"@id":"https:\/\/www.parisscarabee.nl\/en\/living-in-paris\/the-housing-market-in-paris\/#breadcrumb"},"inLanguage":"en-US","potentialAction":[{"@type":"ReadAction","target":["https:\/\/www.parisscarabee.nl\/en\/living-in-paris\/the-housing-market-in-paris\/"]}]},{"@type":"ImageObject","inLanguage":"en-US","@id":"https:\/\/www.parisscarabee.nl\/en\/living-in-paris\/the-housing-market-in-paris\/#primaryimage","url":"https:\/\/www.parisscarabee.nl\/wp-content\/uploads\/2019\/03\/parisscarabee-annemiek-and-frank-visiting-a-potential-flat-e1552089177301-768x577-2.jpg","contentUrl":"https:\/\/www.parisscarabee.nl\/wp-content\/uploads\/2019\/03\/parisscarabee-annemiek-and-frank-visiting-a-potential-flat-e1552089177301-768x577-2.jpg"},{"@type":"BreadcrumbList","@id":"https:\/\/www.parisscarabee.nl\/en\/living-in-paris\/the-housing-market-in-paris\/#breadcrumb","itemListElement":[{"@type":"ListItem","position":1,"name":"Home","item":"https:\/\/www.parisscarabee.nl\/en\/"},{"@type":"ListItem","position":2,"name":"Living in Paris","item":"https:\/\/www.parisscarabee.nl\/en\/living-in-paris\/"},{"@type":"ListItem","position":3,"name":"The housing market in Paris"}]},{"@type":"WebSite","@id":"https:\/\/www.parisscarabee.nl\/#website","url":"https:\/\/www.parisscarabee.nl\/","name":"Paris Scarabee Househunters","description":"Find or renovate your dream apartment in Paris","potentialAction":[{"@type":"SearchAction","target":{"@type":"EntryPoint","urlTemplate":"https:\/\/www.parisscarabee.nl\/?s={search_term_string}"},"query-input":{"@type":"PropertyValueSpecification","valueRequired":true,"valueName":"search_term_string"}}],"inLanguage":"en-US"}]}},"_links":{"self":[{"href":"https:\/\/www.parisscarabee.nl\/en\/wp-json\/wp\/v2\/pages\/2588","targetHints":{"allow":["GET"]}}],"collection":[{"href":"https:\/\/www.parisscarabee.nl\/en\/wp-json\/wp\/v2\/pages"}],"about":[{"href":"https:\/\/www.parisscarabee.nl\/en\/wp-json\/wp\/v2\/types\/page"}],"author":[{"embeddable":true,"href":"https:\/\/www.parisscarabee.nl\/en\/wp-json\/wp\/v2\/users\/1"}],"replies":[{"embeddable":true,"href":"https:\/\/www.parisscarabee.nl\/en\/wp-json\/wp\/v2\/comments?post=2588"}],"version-history":[{"count":0,"href":"https:\/\/www.parisscarabee.nl\/en\/wp-json\/wp\/v2\/pages\/2588\/revisions"}],"up":[{"embeddable":true,"href":"https:\/\/www.parisscarabee.nl\/en\/wp-json\/wp\/v2\/pages\/2590"}],"wp:attachment":[{"href":"https:\/\/www.parisscarabee.nl\/en\/wp-json\/wp\/v2\/media?parent=2588"}],"curies":[{"name":"wp","href":"https:\/\/api.w.org\/{rel}","templated":true}]}}